{"id":170,"date":"2018-05-16T11:19:41","date_gmt":"2018-05-16T09:19:41","guid":{"rendered":"http:\/\/m-pilar.cz\/?page_id=170"},"modified":"2021-02-02T10:46:27","modified_gmt":"2021-02-02T09:46:27","slug":"reference","status":"publish","type":"page","link":"https:\/\/m-pilar.cz\/?page_id=170","title":{"rendered":"Reference"},"content":{"rendered":"<h2><span style=\"text-decoration: underline;\"><strong>Mgr. Milan Pila\u0159<\/strong><\/span><strong>\u00a0<\/strong><em style=\"font-size: 16px;\"><strong>(IT, m\u00e9dia, vzd\u011bl\u00e1v\u00e1n\u00ed)<\/strong><\/em><\/h2>\n<p><strong>Vzd\u011bl\u00e1v\u00e1n\u00ed:<\/strong> 34 let praxe v\u00fduky na st\u0159edn\u00edch \u0161kol\u00e1ch<\/p>\n<p><strong>M\u00e9dia:<\/strong> 27 let praxe ve v\u0161ech typech m\u00e9di\u00ed &#8211; R\u00e1dio Vyso\u010dina, MF Dnes, Jihlavsk\u00e9 listy, R\u00e1dio Profil, \u010cesk\u00fd rozhlas Region, Den\u00edk, noviny Kraj Vyso\u010dina<\/p>\n<p><strong>Autor a spoluautor medi\u00e1ln\u00edch projekt\u016f:<\/strong> Televize HBin, online den\u00edk <a href=\"http:\/\/www.vysocina-news.cz\">Vyso\u010dina-news.cz<\/a><\/p>\n<p><strong>Autor a spoluautor vzd\u011bl\u00e1vac\u00edch projekt\u016f:<\/strong> t\u00fddenn\u00ed kemp pro mlad\u00e9 lidi z Evropy <a href=\"http:\/\/www.letnizurnalistickaskola.cz\/\">Letn\u00ed \u017eurnalistick\u00e1 \u0161kola Karla Havl\u00ed\u010dka Borovsk\u00e9ho<\/a>, vzd\u011bl\u00e1v\u00e1n\u00ed u\u010ditel\u016f \u0161kol z Vyso\u010diny Region\u00e1ln\u00ed centrum medi\u00e1ln\u00ed v\u00fdchovy<\/p>\n<p><a href=\"http:\/\/m-pilar.cz\/wp-content\/uploads\/2018\/10\/image-1.jpg\"><img loading=\"lazy\" decoding=\"async\" class=\"alignnone wp-image-389 size-medium\" src=\"http:\/\/m-pilar.cz\/wp-content\/uploads\/2018\/10\/image-1-300x200.jpg\" alt=\"\" width=\"250\" height=\"150\" \/><\/a> <a href=\"http:\/\/m-pilar.cz\/wp-content\/uploads\/2018\/10\/image-2.jpg\"><img loading=\"lazy\" decoding=\"async\" class=\"alignnone wp-image-390 size-medium\" src=\"http:\/\/m-pilar.cz\/wp-content\/uploads\/2018\/10\/image-2-300x200.jpg\" alt=\"\" width=\"250\" height=\"150\" \/><\/a> <a href=\"http:\/\/m-pilar.cz\/wp-content\/uploads\/2018\/10\/image-3.jpg\"><img loading=\"lazy\" decoding=\"async\" class=\"alignnone wp-image-391 size-medium\" src=\"http:\/\/m-pilar.cz\/wp-content\/uploads\/2018\/10\/image-3-300x200.jpg\" alt=\"\" width=\"250\" height=\"150\" \/><\/a><\/p>\n<hr \/>\n<p>&nbsp;<\/p>\n<p>&nbsp;<\/p>\n","protected":false},"excerpt":{"rendered":"<p>Mgr. Milan Pila\u0159\u00a0(IT, m\u00e9dia, vzd\u011bl\u00e1v\u00e1n\u00ed) Vzd\u011bl\u00e1v\u00e1n\u00ed: 34 let praxe v\u00fduky na st\u0159edn\u00edch \u0161kol\u00e1ch M\u00e9dia: 27 let praxe ve v\u0161ech typech m\u00e9di\u00ed &#8211; R\u00e1dio Vyso\u010dina, MF Dnes, Jihlavsk\u00e9 listy, R\u00e1dio Profil, \u010cesk\u00fd rozhlas Region, Den\u00edk, noviny Kraj Vyso\u010dina Autor a spoluautor medi\u00e1ln\u00edch projekt\u016f: Televize HBin, online den\u00edk Vyso\u010dina-news.cz Autor a spoluautor vzd\u011bl\u00e1vac\u00edch projekt\u016f: t\u00fddenn\u00ed kemp pro [&hellip;]<\/p>\n","protected":false},"author":1,"featured_media":0,"parent":0,"menu_order":0,"comment_status":"closed","ping_status":"closed","template":"","meta":{"footnotes":""},"_links":{"self":[{"href":"https:\/\/m-pilar.cz\/index.php?rest_route=\/wp\/v2\/pages\/170"}],"collection":[{"href":"https:\/\/m-pilar.cz\/index.php?rest_route=\/wp\/v2\/pages"}],"about":[{"href":"https:\/\/m-pilar.cz\/index.php?rest_route=\/wp\/v2\/types\/page"}],"author":[{"embeddable":true,"href":"https:\/\/m-pilar.cz\/index.php?rest_route=\/wp\/v2\/users\/1"}],"replies":[{"embeddable":true,"href":"https:\/\/m-pilar.cz\/index.php?rest_route=%2Fwp%2Fv2%2Fcomments&post=170"}],"version-history":[{"count":24,"href":"https:\/\/m-pilar.cz\/index.php?rest_route=\/wp\/v2\/pages\/170\/revisions"}],"predecessor-version":[{"id":479,"href":"https:\/\/m-pilar.cz\/index.php?rest_route=\/wp\/v2\/pages\/170\/revisions\/479"}],"wp:attachment":[{"href":"https:\/\/m-pilar.cz\/index.php?rest_route=%2Fwp%2Fv2%2Fmedia&parent=170"}],"curies":[{"name":"wp","href":"https:\/\/api.w.org\/{rel}","templated":true}]}}