{"id":333,"date":"2018-08-13T10:16:53","date_gmt":"2018-08-13T08:16:53","guid":{"rendered":"http:\/\/m-pilar.cz\/?page_id=333"},"modified":"2019-04-01T14:38:49","modified_gmt":"2019-04-01T12:38:49","slug":"kurzy","status":"publish","type":"page","link":"https:\/\/m-pilar.cz\/?page_id=333","title":{"rendered":"Kurzy"},"content":{"rendered":"<h1 style=\"text-align: center;\"><strong><span style=\"text-decoration: underline;\">Pozv\u00e1nka na kurz metody\u00a0ACCESS BARS\u00ae<\/span><\/strong><\/h1>\n<p style=\"text-align: center;\"><a href=\"http:\/\/m-pilar.cz\/wp-content\/uploads\/2019\/03\/pozvanka.png\"><img loading=\"lazy\" decoding=\"async\" class=\"alignnone wp-image-462\" src=\"http:\/\/m-pilar.cz\/wp-content\/uploads\/2019\/03\/pozvanka-150x150.png\" alt=\"\" width=\"349\" height=\"494\" srcset=\"https:\/\/m-pilar.cz\/wp-content\/uploads\/2019\/03\/pozvanka-212x300.png 212w, https:\/\/m-pilar.cz\/wp-content\/uploads\/2019\/03\/pozvanka-768x1086.png 768w, https:\/\/m-pilar.cz\/wp-content\/uploads\/2019\/03\/pozvanka-724x1024.png 724w\" sizes=\"(max-width: 349px) 100vw, 349px\" \/><\/a><\/p>\n<hr \/>\n<p>Ohledn\u011b\u00a0nez\u00e1vazn\u00e9 objedn\u00e1vky a dal\u0161\u00edch informac\u00ed n\u00e1s kontaktujte na e-mailu <a href=\"mailto:zdravi@m-pilar.cz\">zdravi@m-pilar.cz<\/a>.<\/p>\n<p>Najdete n\u00e1s tak\u00e9 na facebookov\u00e9 str\u00e1nce:\u00a0<a href=\"https:\/\/www.facebook.com\/radostAzdravi\">https:\/\/www.facebook.com\/radostAzdravi<\/a><\/p>\n<p><iframe loading=\"lazy\" style=\"border: none; overflow: hidden;\" src=\"https:\/\/www.facebook.com\/plugins\/page.php?href=https%3A%2F%2Fwww.facebook.com%2FradostAzdravi%2F&amp;tabs=timeline&amp;width=380&amp;height=100&amp;small_header=false&amp;adapt_container_width=true&amp;hide_cover=false&amp;show_facepile=false&amp;appId\" width=\"380\" height=\"100\" frameborder=\"0\" scrolling=\"no\"><\/iframe><\/p>\n","protected":false},"excerpt":{"rendered":"<p>Pozv\u00e1nka na kurz metody\u00a0ACCESS BARS\u00ae Ohledn\u011b\u00a0nez\u00e1vazn\u00e9 objedn\u00e1vky a dal\u0161\u00edch informac\u00ed n\u00e1s kontaktujte na e-mailu zdravi@m-pilar.cz. Najdete n\u00e1s tak\u00e9 na facebookov\u00e9 str\u00e1nce:\u00a0https:\/\/www.facebook.com\/radostAzdravi<\/p>\n","protected":false},"author":1,"featured_media":0,"parent":0,"menu_order":0,"comment_status":"closed","ping_status":"closed","template":"","meta":{"footnotes":""},"_links":{"self":[{"href":"https:\/\/m-pilar.cz\/index.php?rest_route=\/wp\/v2\/pages\/333"}],"collection":[{"href":"https:\/\/m-pilar.cz\/index.php?rest_route=\/wp\/v2\/pages"}],"about":[{"href":"https:\/\/m-pilar.cz\/index.php?rest_route=\/wp\/v2\/types\/page"}],"author":[{"embeddable":true,"href":"https:\/\/m-pilar.cz\/index.php?rest_route=\/wp\/v2\/users\/1"}],"replies":[{"embeddable":true,"href":"https:\/\/m-pilar.cz\/index.php?rest_route=%2Fwp%2Fv2%2Fcomments&post=333"}],"version-history":[{"count":27,"href":"https:\/\/m-pilar.cz\/index.php?rest_route=\/wp\/v2\/pages\/333\/revisions"}],"predecessor-version":[{"id":473,"href":"https:\/\/m-pilar.cz\/index.php?rest_route=\/wp\/v2\/pages\/333\/revisions\/473"}],"wp:attachment":[{"href":"https:\/\/m-pilar.cz\/index.php?rest_route=%2Fwp%2Fv2%2Fmedia&parent=333"}],"curies":[{"name":"wp","href":"https:\/\/api.w.org\/{rel}","templated":true}]}}