{"id":35,"date":"2018-05-12T21:20:13","date_gmt":"2018-05-12T19:20:13","guid":{"rendered":"http:\/\/m-pilar.cz\/?page_id=35"},"modified":"2018-05-23T09:54:00","modified_gmt":"2018-05-23T07:54:00","slug":"it-2","status":"publish","type":"page","link":"https:\/\/m-pilar.cz\/?page_id=35","title":{"rendered":"IT"},"content":{"rendered":"<h3><strong>Webov\u00e9 str\u00e1nky<\/strong><\/h3>\n<p>Vytvo\u0159\u00edme V\u00e1m jednoduchou webovou prezentaci s redak\u010dn\u00edm syst\u00e9mem WordPress \u010di aktualizujeme Va\u0161e st\u00e1vaj\u00edc\u00ed webov\u00e9 str\u00e1nky.<\/p>\n<hr \/>\n<h3><strong>Grafika<\/strong><\/h3>\n<p>Navrhneme V\u00e1m grafick\u00fd design pro logo Va\u0161\u00ed spole\u010dnosti, vytvo\u0159\u00edme vizitky, let\u00e1k \u010di pozv\u00e1nku nebo zpracujeme webov\u00fd banner pro reklamu Va\u0161ich slu\u017eeb.<\/p>\n<hr \/>\n<h3><strong>IT \u0161kolen\u00ed a konzultace<\/strong><\/h3>\n<p>Dle va\u0161ich pot\u0159eb r\u00e1di p\u0159iprav\u00edme \u0161kolen\u00ed pro V\u00e1s \u010di Va\u0161e zam\u011bstnance. Mezi \u0161kolen\u00ed pat\u0159\u00ed MS Word, MS Excel \u010di opera\u010dn\u00ed syst\u00e9my Windows. Zam\u011b\u0159ujeme se tak\u00e9 na \u0161kolen\u00ed senior\u016f \u010di maminek na mate\u0159sk\u00e9 dovolen\u00e9 ohledn\u011b z\u00e1klad\u016f na PC. \u0160kolen\u00ed je mo\u017en\u00e9 absolvovat individu\u00e1ln\u011b \u010di ve skupin\u011b.<\/p>\n<hr \/>\n<h3><strong>Soci\u00e1ln\u00ed s\u00edt\u011b<\/strong><\/h3>\n<p>Pom\u016f\u017eeme V\u00e1m s nastaven\u00edm Va\u0161ich soci\u00e1ln\u00edch s\u00edt\u00ed (Facebook, Twitter, Instagram, atp.).<\/p>\n<hr \/>\n<p>Ohledn\u011b nez\u00e1vazn\u00e9 objedn\u00e1vky a dal\u0161\u00edch informac\u00ed n\u00e1s kontaktujte na e-mailu <a href=\"mailto:it@m-pilar.cz\">it@m-pilar.cz<\/a>.<\/p>\n","protected":false},"excerpt":{"rendered":"<p>Webov\u00e9 str\u00e1nky Vytvo\u0159\u00edme V\u00e1m jednoduchou webovou prezentaci s redak\u010dn\u00edm syst\u00e9mem WordPress \u010di aktualizujeme Va\u0161e st\u00e1vaj\u00edc\u00ed webov\u00e9 str\u00e1nky. Grafika Navrhneme V\u00e1m grafick\u00fd design pro logo Va\u0161\u00ed spole\u010dnosti, vytvo\u0159\u00edme vizitky, let\u00e1k \u010di pozv\u00e1nku nebo zpracujeme webov\u00fd banner pro reklamu Va\u0161ich slu\u017eeb. IT \u0161kolen\u00ed a konzultace Dle va\u0161ich pot\u0159eb r\u00e1di p\u0159iprav\u00edme \u0161kolen\u00ed pro V\u00e1s \u010di Va\u0161e zam\u011bstnance. Mezi [&hellip;]<\/p>\n","protected":false},"author":1,"featured_media":0,"parent":0,"menu_order":0,"comment_status":"closed","ping_status":"closed","template":"","meta":{"footnotes":""},"_links":{"self":[{"href":"https:\/\/m-pilar.cz\/index.php?rest_route=\/wp\/v2\/pages\/35"}],"collection":[{"href":"https:\/\/m-pilar.cz\/index.php?rest_route=\/wp\/v2\/pages"}],"about":[{"href":"https:\/\/m-pilar.cz\/index.php?rest_route=\/wp\/v2\/types\/page"}],"author":[{"embeddable":true,"href":"https:\/\/m-pilar.cz\/index.php?rest_route=\/wp\/v2\/users\/1"}],"replies":[{"embeddable":true,"href":"https:\/\/m-pilar.cz\/index.php?rest_route=%2Fwp%2Fv2%2Fcomments&post=35"}],"version-history":[{"count":16,"href":"https:\/\/m-pilar.cz\/index.php?rest_route=\/wp\/v2\/pages\/35\/revisions"}],"predecessor-version":[{"id":242,"href":"https:\/\/m-pilar.cz\/index.php?rest_route=\/wp\/v2\/pages\/35\/revisions\/242"}],"wp:attachment":[{"href":"https:\/\/m-pilar.cz\/index.php?rest_route=%2Fwp%2Fv2%2Fmedia&parent=35"}],"curies":[{"name":"wp","href":"https:\/\/api.w.org\/{rel}","templated":true}]}}