{"id":49,"date":"2018-05-12T21:30:54","date_gmt":"2018-05-12T19:30:54","guid":{"rendered":"http:\/\/m-pilar.cz\/?page_id=49"},"modified":"2023-10-07T20:47:25","modified_gmt":"2023-10-07T18:47:25","slug":"kontakty","status":"publish","type":"page","link":"https:\/\/m-pilar.cz\/?page_id=49","title":{"rendered":"Kontakty"},"content":{"rendered":"<ul>\n<li>\n<h5><strong>Obecn\u00e9 dotazy:<\/strong> <a href=\"mailto:info@m-pilar.cz\">info@m-pilar.cz<\/a><\/h5>\n<\/li>\n<\/ul>\n<h4><strong><span style=\"text-decoration: underline;\">Mgr. Milan Pila\u0159<\/span><\/strong><\/h4>\n<ul>\n<li>\n<h5><strong>M\u00e9dia:<\/strong>\u00a0<a style=\"font-size: 16px;\" href=\"mailto:media@m-pilar.cz\">media@m-pilar.cz<\/a><\/h5>\n<\/li>\n<li>\n<h5><strong>Vzd\u011bl\u00e1v\u00e1n\u00ed:<\/strong> <a href=\"mailto:vzdelavani@m-pilar.cz\">vzdelavani@m-pilar.cz<\/a><\/h5>\n<\/li>\n<li>\n<h5><strong>IT:<\/strong> <a href=\"mailto:it@m-pilar.cz\">it@m-pilar.cz<\/a><\/h5>\n<\/li>\n<\/ul>\n<h4><strong><span style=\"text-decoration: underline;\">Mgr. Jana Pila\u0159ov\u00e1<\/span><\/strong><\/h4>\n<ul>\n<li>\n<h5><strong>Zdrav\u00ed:<\/strong> <a href=\"mailto:zdravi@m-pilar.cz\">zdravi@m-pilar.cz<\/a><\/h5>\n<\/li>\n<\/ul>\n","protected":false},"excerpt":{"rendered":"<p>Obecn\u00e9 dotazy: info@m-pilar.cz Mgr. Milan Pila\u0159 M\u00e9dia:\u00a0media@m-pilar.cz Vzd\u011bl\u00e1v\u00e1n\u00ed: vzdelavani@m-pilar.cz IT: it@m-pilar.cz Mgr. Jana Pila\u0159ov\u00e1 Zdrav\u00ed: zdravi@m-pilar.cz<\/p>\n","protected":false},"author":1,"featured_media":0,"parent":0,"menu_order":0,"comment_status":"closed","ping_status":"closed","template":"","meta":{"footnotes":""},"_links":{"self":[{"href":"https:\/\/m-pilar.cz\/index.php?rest_route=\/wp\/v2\/pages\/49"}],"collection":[{"href":"https:\/\/m-pilar.cz\/index.php?rest_route=\/wp\/v2\/pages"}],"about":[{"href":"https:\/\/m-pilar.cz\/index.php?rest_route=\/wp\/v2\/types\/page"}],"author":[{"embeddable":true,"href":"https:\/\/m-pilar.cz\/index.php?rest_route=\/wp\/v2\/users\/1"}],"replies":[{"embeddable":true,"href":"https:\/\/m-pilar.cz\/index.php?rest_route=%2Fwp%2Fv2%2Fcomments&post=49"}],"version-history":[{"count":23,"href":"https:\/\/m-pilar.cz\/index.php?rest_route=\/wp\/v2\/pages\/49\/revisions"}],"predecessor-version":[{"id":489,"href":"https:\/\/m-pilar.cz\/index.php?rest_route=\/wp\/v2\/pages\/49\/revisions\/489"}],"wp:attachment":[{"href":"https:\/\/m-pilar.cz\/index.php?rest_route=%2Fwp%2Fv2%2Fmedia&parent=49"}],"curies":[{"name":"wp","href":"https:\/\/api.w.org\/{rel}","templated":true}]}}