{"id":87,"date":"2018-05-15T16:41:19","date_gmt":"2018-05-15T14:41:19","guid":{"rendered":"http:\/\/m-pilar.cz\/?page_id=87"},"modified":"2018-05-23T10:08:01","modified_gmt":"2018-05-23T08:08:01","slug":"grafika","status":"publish","type":"page","link":"https:\/\/m-pilar.cz\/?page_id=87","title":{"rendered":"Grafika"},"content":{"rendered":"<h3><strong>Loga<\/strong><\/h3>\n<hr \/>\n<h3><strong>Webov\u00e9 bannery<\/strong><\/h3>\n<hr \/>\n<h3><strong>Tiskoviny<\/strong><\/h3>\n<hr \/>\n<p>Ohledn\u011b nez\u00e1vazn\u00e9 objedn\u00e1vky a dal\u0161\u00edch informac\u00ed n\u00e1s kontaktujte na e-mailu <a href=\"mailto:it@m-pilar.cz\">it@m-pilar.cz<\/a>.<\/p>\n","protected":false},"excerpt":{"rendered":"<p>Loga Webov\u00e9 bannery Tiskoviny Ohledn\u011b nez\u00e1vazn\u00e9 objedn\u00e1vky a dal\u0161\u00edch informac\u00ed n\u00e1s kontaktujte na e-mailu it@m-pilar.cz.<\/p>\n","protected":false},"author":1,"featured_media":0,"parent":0,"menu_order":0,"comment_status":"closed","ping_status":"closed","template":"","meta":{"footnotes":""},"_links":{"self":[{"href":"https:\/\/m-pilar.cz\/index.php?rest_route=\/wp\/v2\/pages\/87"}],"collection":[{"href":"https:\/\/m-pilar.cz\/index.php?rest_route=\/wp\/v2\/pages"}],"about":[{"href":"https:\/\/m-pilar.cz\/index.php?rest_route=\/wp\/v2\/types\/page"}],"author":[{"embeddable":true,"href":"https:\/\/m-pilar.cz\/index.php?rest_route=\/wp\/v2\/users\/1"}],"replies":[{"embeddable":true,"href":"https:\/\/m-pilar.cz\/index.php?rest_route=%2Fwp%2Fv2%2Fcomments&post=87"}],"version-history":[{"count":3,"href":"https:\/\/m-pilar.cz\/index.php?rest_route=\/wp\/v2\/pages\/87\/revisions"}],"predecessor-version":[{"id":244,"href":"https:\/\/m-pilar.cz\/index.php?rest_route=\/wp\/v2\/pages\/87\/revisions\/244"}],"wp:attachment":[{"href":"https:\/\/m-pilar.cz\/index.php?rest_route=%2Fwp%2Fv2%2Fmedia&parent=87"}],"curies":[{"name":"wp","href":"https:\/\/api.w.org\/{rel}","templated":true}]}}